{"id":7182,"date":"2026-02-23T15:03:28","date_gmt":"2026-02-23T14:03:28","guid":{"rendered":"https:\/\/fred-bois.com\/?post_type=product&#038;p=7182"},"modified":"2026-02-23T15:03:32","modified_gmt":"2026-02-23T14:03:32","slug":"pellet-confort-palette-de-70-sacs","status":"publish","type":"product","link":"https:\/\/fred-bois.com\/?product=pellet-confort-palette-de-70-sacs","title":{"rendered":"Pellet Confort \u2013 Palette de 70 sacs"},"content":{"rendered":"\n<h2 class=\"wp-block-heading\">Pellet Confort \u2013 Palette de 70 sacs<\/h2>\n\n\n\n<p>Ces\u00a0Pellet Confort \u2013 Palette de 70 sacs, fabriqu\u00e9s dans le Sud-Ouest, sont compos\u00e9s \u00e0 100% de bois naturel. Ils ne comportent ni liants, ni additifs.<\/p>\n\n\n\n<p>Leur taux d\u2019humidit\u00e9 inf\u00e9rieur \u00e0 10% garantit l\u2019efficacit\u00e9 maximale de votre installation de chauffage. Le taux de cendres et le taux de poussi\u00e8res sont \u00e9galement faibles : l\u2019assurance d\u2019un produit de qualit\u00e9. Ce produit convient \u00e0 tous types d\u2019appareil : chaudi\u00e8re ou po\u00eale \u00e0 pellet.<\/p>\n\n\n\n<p>Les palettes comportent 70 sacs de 15 kg (65 sacs + 5 offerts), et sont livr\u00e9es par camion \u00e9quip\u00e9 de hayon et transpalette.<\/p>\n\n\n\n<p>Vous chauffer au Pellet de bois, c\u2019est faire le choix d\u2019un mode de chauffage \u00e9cologique et \u00e9conomique.<\/p>\n\n\n\n<h3 class=\"wp-block-heading\">Fiche technique<\/h3>\n\n\n\n<figure class=\"wp-block-table\"><table class=\"has-fixed-layout\"><thead><tr><th>Caract\u00e9ristique<\/th><th>D\u00e9tail<\/th><\/tr><\/thead><tbody><tr><td><strong>Composition<\/strong><\/td><td>100\u202f% sciures de bois naturel d\u2019origine fran\u00e7aise<\/td><\/tr><tr><td><strong>Pouvoir calorifique<\/strong><\/td><td>Sup\u00e9rieur \u00e0 4,6\u202fKWh\/kg<\/td><\/tr><tr><td><strong>Taux d\u2019humidit\u00e9<\/strong><\/td><td>Inf\u00e9rieur \u00e0 10\u202f%<\/td><\/tr><tr><td><strong>Taux de cendres<\/strong><\/td><td>Inf\u00e9rieur \u00e0 0,7\u202f%<\/td><\/tr><tr><td><strong>Taux de poussi\u00e8re<\/strong><\/td><td>Inf\u00e9rieur \u00e0 0,5\u202f%<\/td><\/tr><tr><td><strong>Longueur<\/strong><\/td><td>Entre 3,15\u202fcm et 4,0\u202fcm<\/td><\/tr><tr><td><strong>Diam\u00e8tre<\/strong><\/td><td>6\u202fmm<\/td><\/tr><tr><td><strong>Conditionnement<\/strong><\/td><td>Palette<\/td><\/tr><tr><td><strong>Origine<\/strong><\/td><td>France<\/td><\/tr><tr><td><strong>Sacs par palette<\/strong><\/td><td>70<\/td><\/tr><\/tbody><\/table><\/figure>\n","protected":false},"excerpt":{"rendered":"<ul>\n<li data-start=\"64\" data-end=\"115\">Granul\u00e9s de bois Pellet Confort de haute qualit\u00e9.<\/li>\n<li data-start=\"64\" data-end=\"115\">Palette contenant 70 sacs de 15\u202fkg chacun.<\/li>\n<li data-start=\"64\" data-end=\"115\">Combustion efficace et propre pour po\u00eales et chaudi\u00e8res.<\/li>\n<li data-start=\"64\" data-end=\"115\">Faible taux de cendres et d\u2019humidit\u00e9.<\/li>\n<li data-start=\"64\" data-end=\"115\">Solution \u00e9conomique et \u00e9cologique pour le chauffage.<\/li>\n<\/ul>\n","protected":false},"featured_media":7211,"comment_status":"open","ping_status":"closed","template":"","meta":[],"product_brand":[],"product_cat":[57],"product_tag":[],"class_list":{"0":"post-7182","1":"product","2":"type-product","3":"status-publish","4":"has-post-thumbnail","6":"product_cat-granules-de-bois-pellets","8":"first","9":"instock","10":"shipping-taxable","11":"purchasable","12":"product-type-simple"},"_links":{"self":[{"href":"https:\/\/fred-bois.com\/index.php?rest_route=\/wp\/v2\/product\/7182","targetHints":{"allow":["GET"]}}],"collection":[{"href":"https:\/\/fred-bois.com\/index.php?rest_route=\/wp\/v2\/product"}],"about":[{"href":"https:\/\/fred-bois.com\/index.php?rest_route=\/wp\/v2\/types\/product"}],"replies":[{"embeddable":true,"href":"https:\/\/fred-bois.com\/index.php?rest_route=%2Fwp%2Fv2%2Fcomments&post=7182"}],"wp:featuredmedia":[{"embeddable":true,"href":"https:\/\/fred-bois.com\/index.php?rest_route=\/wp\/v2\/media\/7211"}],"wp:attachment":[{"href":"https:\/\/fred-bois.com\/index.php?rest_route=%2Fwp%2Fv2%2Fmedia&parent=7182"}],"wp:term":[{"taxonomy":"product_brand","embeddable":true,"href":"https:\/\/fred-bois.com\/index.php?rest_route=%2Fwp%2Fv2%2Fproduct_brand&post=7182"},{"taxonomy":"product_cat","embeddable":true,"href":"https:\/\/fred-bois.com\/index.php?rest_route=%2Fwp%2Fv2%2Fproduct_cat&post=7182"},{"taxonomy":"product_tag","embeddable":true,"href":"https:\/\/fred-bois.com\/index.php?rest_route=%2Fwp%2Fv2%2Fproduct_tag&post=7182"}],"curies":[{"name":"wp","href":"https:\/\/api.w.org\/{rel}","templated":true}]}}