{"id":7186,"date":"2026-02-23T15:03:28","date_gmt":"2026-02-23T14:03:28","guid":{"rendered":"https:\/\/fred-bois.com\/?post_type=product&#038;p=7186"},"modified":"2026-02-23T15:03:33","modified_gmt":"2026-02-23T14:03:33","slug":"pellet-sunfire-palette-de-70-sacs-de-15-kg","status":"publish","type":"product","link":"https:\/\/fred-bois.com\/?product=pellet-sunfire-palette-de-70-sacs-de-15-kg","title":{"rendered":"Pellet SunFire \u2013 Palette de 70 sacs de 15 kg"},"content":{"rendered":"\n<h2 class=\"wp-block-heading\">Pellet SunFire \u2013 Palette de 70 sacs de 15 kg<\/h2>\n\n\n\n<p>Vous recherchez un&nbsp;pellet sunfire 70 sacs 15 kg&nbsp;<strong>Made in France<\/strong>&nbsp;et de bonne qualit\u00e9 \u00e0 prix attractif : le SUN FIRE est fait pour vous.<\/p>\n\n\n\n<p>C\u2019est un pellet&nbsp;<strong>NF Biocombustibles Haute Qualit\u00e9<\/strong>&nbsp;compos\u00e9 de sciures de bois r\u00e9sineux et feuillus 100% naturelles provenant d\u2019une scierie Fran\u00e7aise sp\u00e9cialis\u00e9e dans le bois \u00e9nergie depuis 10 ans.<\/p>\n\n\n\n<p>Il est certifi\u00e9e par l\u2019<strong>AFNOR<\/strong><strong>,\u00a0<\/strong>ce qui offre une taille homog\u00e8ne des pellets, un pouvoir calorifique sup\u00e9rieur ou \u00e9gal \u00e0 4,6 kWh\/kg, un taux d\u2019humidit\u00e9 &lt; 10 % et un taux de cendres inf\u00e9rieur \u00e0 1,2%.<\/p>\n\n\n\n<p>Ce granul\u00e9 de qualit\u00e9 standard conviendra parfaitement \u00e0 tous les syst\u00e8mes de chauffage \u00e0 pellet (inserts, chaudi\u00e8res et po\u00eales).<\/p>\n\n\n\n<p>En choisissant ce pellet, vous aurez un produit de bonne qualit\u00e9, 100% naturel, 100% fran\u00e7ais et \u00e0 petit prix.<\/p>\n\n\n\n<h3 class=\"wp-block-heading\">Fiche technique<\/h3>\n\n\n\n<figure class=\"wp-block-table\"><table class=\"has-fixed-layout\"><thead><tr><th><strong>Caract\u00e9ristique<\/strong><\/th><th><strong>D\u00e9tail<\/strong><\/th><\/tr><\/thead><tbody><tr><td><strong>Composition<\/strong><\/td><td>R\u00e9sineux et feuillus<\/td><\/tr><tr><td><strong>Certificats<\/strong><\/td><td>NF<\/td><\/tr><tr><td><strong>Pouvoir calorifique<\/strong><\/td><td>Sup\u00e9rieur \u00e0 4,6 kWh\/kg<\/td><\/tr><tr><td><strong>Taux d\u2019humidit\u00e9<\/strong><\/td><td>Inf\u00e9rieur \u00e0 10\u202f%<\/td><\/tr><tr><td><strong>Taux de cendres<\/strong><\/td><td>Inf\u00e9rieur \u00e0 1,2\u202f%<\/td><\/tr><tr><td><strong>Conditionnement<\/strong><\/td><td>Palette<\/td><\/tr><tr><td><strong>Origine<\/strong><\/td><td>France<\/td><\/tr><\/tbody><\/table><\/figure>\n","protected":false},"excerpt":{"rendered":"<p>Les granul\u00e9s de bois SUN FIRE 100% Fran\u00e7ais, sont certifi\u00e9s NF Biocombustibles (norme Fran\u00e7aise) et AFNOR. Ils sont issus de m\u00e9lange de bois 100% naturel. Ces pellets sont fabriqu\u00e9s en France en Champagne Ardenne dans une coop\u00e9rative sp\u00e9cialis\u00e9e dans la d\u00e9shydratation de sciures de bois. La qualit\u00e9 Fran\u00e7aise \u00e0 petit prix.<\/p>\n","protected":false},"featured_media":7215,"comment_status":"open","ping_status":"closed","template":"","meta":[],"product_brand":[],"product_cat":[57],"product_tag":[58],"class_list":{"0":"post-7186","1":"product","2":"type-product","3":"status-publish","4":"has-post-thumbnail","6":"product_cat-granules-de-bois-pellets","7":"product_tag-granules-de-bois-pellets","9":"first","10":"instock","11":"shipping-taxable","12":"purchasable","13":"product-type-simple"},"_links":{"self":[{"href":"https:\/\/fred-bois.com\/index.php?rest_route=\/wp\/v2\/product\/7186","targetHints":{"allow":["GET"]}}],"collection":[{"href":"https:\/\/fred-bois.com\/index.php?rest_route=\/wp\/v2\/product"}],"about":[{"href":"https:\/\/fred-bois.com\/index.php?rest_route=\/wp\/v2\/types\/product"}],"replies":[{"embeddable":true,"href":"https:\/\/fred-bois.com\/index.php?rest_route=%2Fwp%2Fv2%2Fcomments&post=7186"}],"wp:featuredmedia":[{"embeddable":true,"href":"https:\/\/fred-bois.com\/index.php?rest_route=\/wp\/v2\/media\/7215"}],"wp:attachment":[{"href":"https:\/\/fred-bois.com\/index.php?rest_route=%2Fwp%2Fv2%2Fmedia&parent=7186"}],"wp:term":[{"taxonomy":"product_brand","embeddable":true,"href":"https:\/\/fred-bois.com\/index.php?rest_route=%2Fwp%2Fv2%2Fproduct_brand&post=7186"},{"taxonomy":"product_cat","embeddable":true,"href":"https:\/\/fred-bois.com\/index.php?rest_route=%2Fwp%2Fv2%2Fproduct_cat&post=7186"},{"taxonomy":"product_tag","embeddable":true,"href":"https:\/\/fred-bois.com\/index.php?rest_route=%2Fwp%2Fv2%2Fproduct_tag&post=7186"}],"curies":[{"name":"wp","href":"https:\/\/api.w.org\/{rel}","templated":true}]}}