{"id":7187,"date":"2026-02-23T15:03:28","date_gmt":"2026-02-23T14:03:28","guid":{"rendered":"https:\/\/fred-bois.com\/?post_type=product&#038;p=7187"},"modified":"2026-02-23T15:03:33","modified_gmt":"2026-02-23T14:03:33","slug":"pellet-van-roje-palette-de-65-sacs-de-15-kg","status":"publish","type":"product","link":"https:\/\/fred-bois.com\/?product=pellet-van-roje-palette-de-65-sacs-de-15-kg","title":{"rendered":"Pellet Van Roje \u2013 Palette de 65 sacs de 15 kg"},"content":{"rendered":"\n<h2 class=\"wp-block-heading\">Pellet Van Roje \u2013 Palette de 65 sacs de 15 kg<\/h2>\n\n\n\n<p><strong>Le\u00a0pellet Van Roje\u00a0est notre pellet de bois le plus haut de gamme.<\/strong><\/p>\n\n\n\n<p>Le pellet de bois VANROJE d\u00e9passe les exigences des normes DIN Plus et EN Plus, il est \u00e9galement labellis\u00e9 PEFC (gestion durable des for\u00eats).<\/p>\n\n\n\n<p>Son pouvoir calorifique est 7% au-dessus de la norme DIN Plus.<\/p>\n\n\n\n<p>Il vous garantit 44 % de cendres en moins et 77 % de poussi\u00e8res en moins par rapport \u00e0 un pellet standard.<\/p>\n\n\n\n<p>100 % r\u00e9sineux, sans additif et neutre en CO2, ce pellet de bois est id\u00e9al pour votre po\u00eale ou chaudi\u00e8re.<\/p>\n\n\n\n<p>Il procure une mont\u00e9e rapide en temp\u00e9rature, garde une chaleur constante, vous consommerez moins de pellet qu\u2019avec une autre marque.<\/p>\n\n\n\n<p><strong>Un pellet de Haute qualit\u00e9 allemande !<\/strong><\/p>\n\n\n\n<p>Vous avez choisi d\u2019installer un syst\u00e8me de chauffage aux granul\u00e9s de bois et avez eu raison !! en plus d\u2019\u00eatre un chauffage \u00e0 \u00e9nergie renouvelable, il est aussi \u00e9conomique.<\/p>\n\n\n\n<p>Avec le pellet VANROJE, vous b\u00e9n\u00e9ficierez d\u2019une mont\u00e9e rapide en temp\u00e9rature et gr\u00e2ce \u00e0 ses faibles taux de poussi\u00e8res et de cendres, vous n\u2019aurez qu\u2019\u00e0 profiter de sa chaleur sans devoir le nettoyer tous les jours.<\/p>\n\n\n\n<h3 class=\"wp-block-heading\">Fiche technique<\/h3>\n\n\n\n<figure class=\"wp-block-table\"><table class=\"has-fixed-layout\"><thead><tr><th><strong>Caract\u00e9ristique<\/strong><\/th><th><strong>D\u00e9tail<\/strong><\/th><\/tr><\/thead><tbody><tr><td><strong>Composition<\/strong><\/td><td>100% r\u00e9sineux<\/td><\/tr><tr><td><strong>Certificats<\/strong><\/td><td>PEFC, DIN Plus, EN Plus A1<\/td><\/tr><tr><td><strong>Pouvoir calorifique<\/strong><\/td><td>Sup\u00e9rieur \u00e0 4,9 kWh\/kg<\/td><\/tr><tr><td><strong>Taux d\u2019humidit\u00e9<\/strong><\/td><td>Inf\u00e9rieur \u00e0 7,8\u202f%<\/td><\/tr><tr><td><strong>Taux de cendres<\/strong><\/td><td>Inf\u00e9rieur \u00e0 0,39\u202f%<\/td><\/tr><tr><td><strong>Taux de poussi\u00e8re<\/strong><\/td><td>Inf\u00e9rieur \u00e0 0,23\u202f%<\/td><\/tr><tr><td><strong>Diam\u00e8tre<\/strong><\/td><td>6 mm<\/td><\/tr><tr><td><strong>Conditionnement<\/strong><\/td><td>Palette<\/td><\/tr><tr><td><strong>Origine<\/strong><\/td><td>Allemagne<\/td><\/tr><tr><td><strong>Sacs par palette<\/strong><\/td><td>65<\/td><\/tr><tr><td><strong>Stockage<\/strong><\/td><td>\u00c0 l\u2019abri de l\u2019humidit\u00e9, sous abri sur\u00e9lev\u00e9, dans un espace ventil\u00e9<\/td><\/tr><\/tbody><\/table><\/figure>\n\n\n\n<p><\/p>\n","protected":false},"excerpt":{"rendered":"<p>Pellet de bois VANROJE fabriqu\u00e9 dans une scierie situ\u00e9e en Allemagne, soucieuse de l\u2019environnement. Notre pellet HAUT DE GAMME \u00e0 fort pouvoir calorifique et tr\u00e8s faibles taux de cendres, de poussi\u00e8res et d\u2019humidit\u00e9. Ce pellet est notre fiert\u00e9 depuis plus de 10 ans ! Sa qualit\u00e9 va bien au-del\u00e0 des normes DIN Plus et EN Plus A1. Son bois provient de for\u00eats g\u00e9r\u00e9es durablement, il est PEFC.<\/p>\n","protected":false},"featured_media":7216,"comment_status":"open","ping_status":"closed","template":"","meta":[],"product_brand":[],"product_cat":[57],"product_tag":[58],"class_list":{"0":"post-7187","1":"product","2":"type-product","3":"status-publish","4":"has-post-thumbnail","6":"product_cat-granules-de-bois-pellets","7":"product_tag-granules-de-bois-pellets","9":"first","10":"instock","11":"shipping-taxable","12":"purchasable","13":"product-type-simple"},"_links":{"self":[{"href":"https:\/\/fred-bois.com\/index.php?rest_route=\/wp\/v2\/product\/7187","targetHints":{"allow":["GET"]}}],"collection":[{"href":"https:\/\/fred-bois.com\/index.php?rest_route=\/wp\/v2\/product"}],"about":[{"href":"https:\/\/fred-bois.com\/index.php?rest_route=\/wp\/v2\/types\/product"}],"replies":[{"embeddable":true,"href":"https:\/\/fred-bois.com\/index.php?rest_route=%2Fwp%2Fv2%2Fcomments&post=7187"}],"wp:featuredmedia":[{"embeddable":true,"href":"https:\/\/fred-bois.com\/index.php?rest_route=\/wp\/v2\/media\/7216"}],"wp:attachment":[{"href":"https:\/\/fred-bois.com\/index.php?rest_route=%2Fwp%2Fv2%2Fmedia&parent=7187"}],"wp:term":[{"taxonomy":"product_brand","embeddable":true,"href":"https:\/\/fred-bois.com\/index.php?rest_route=%2Fwp%2Fv2%2Fproduct_brand&post=7187"},{"taxonomy":"product_cat","embeddable":true,"href":"https:\/\/fred-bois.com\/index.php?rest_route=%2Fwp%2Fv2%2Fproduct_cat&post=7187"},{"taxonomy":"product_tag","embeddable":true,"href":"https:\/\/fred-bois.com\/index.php?rest_route=%2Fwp%2Fv2%2Fproduct_tag&post=7187"}],"curies":[{"name":"wp","href":"https:\/\/api.w.org\/{rel}","templated":true}]}}