{"id":7188,"date":"2026-02-23T15:03:28","date_gmt":"2026-02-23T14:03:28","guid":{"rendered":"https:\/\/fred-bois.com\/?post_type=product&#038;p=7188"},"modified":"2026-02-23T15:03:34","modified_gmt":"2026-02-23T14:03:34","slug":"pellet-wooday-palette-de-65-sacs-de-15-kg","status":"publish","type":"product","link":"https:\/\/fred-bois.com\/?product=pellet-wooday-palette-de-65-sacs-de-15-kg","title":{"rendered":"Pellet Wooday \u2013 Palette de 65 sacs de 15 kg"},"content":{"rendered":"\n<h2 class=\"wp-block-heading\">Pellet Wooday \u2013 Palette de 65 sacs de 15 kg<\/h2>\n\n\n\n<p>Les granul\u00e9s de bois\u00a0<strong>pellet wooday 65 sacs 15 kg<\/strong>\u00a0sont de tr\u00e8s bonne qualit\u00e9 avec un prix tr\u00e8s attractif.<\/p>\n\n\n\n<p>Ce pellet va bien au del\u00e0 des exigences fix\u00e9es par la norme&nbsp;<strong>DIN Plus<\/strong>. Ses points forts sont sa composition 100% r\u00e9sineux, son pouvoir calorifique \u00e9lev\u00e9, et son faible taux de poussi\u00e8res.<\/p>\n\n\n\n<p>Ces pellets conviennent parfaitement \u00e0 tous les syst\u00e8mes de chauffage \u00e0 granul\u00e9s : po\u00eales, inserts et chaudi\u00e8res.<\/p>\n\n\n\n<p>Son pouvoir calorifique sup\u00e9rieur \u00e0 4,78 kWh\/kg vous permet une moindre consommation qu\u2019avec un pellet classique de 4,6 kWh\/kg.<\/p>\n\n\n\n<p>Un taux de cendres faible &lt; 0,6 % permet de ne pas encrasser votre po\u00eale et de limiter les interventions de nettoyage.<\/p>\n\n\n\n<p>En choisissant ce pellet, vous b\u00e9n\u00e9ficierez d\u2019un produit d\u2019excellente qualit\u00e9 et de haute performance au juste prix.<\/p>\n\n\n\n<h3 class=\"wp-block-heading\">Fiche technique<\/h3>\n\n\n\n<figure class=\"wp-block-table\"><table class=\"has-fixed-layout\"><thead><tr><th>Caract\u00e9ristique<\/th><th>D\u00e9tail<\/th><\/tr><\/thead><tbody><tr><td><strong>Composition<\/strong><\/td><td>100\u202f% r\u00e9sineux<\/td><\/tr><tr><td><strong>Certificats<\/strong><\/td><td>DIN Plus<\/td><\/tr><tr><td><strong>Pouvoir calorifique<\/strong><\/td><td>Sup\u00e9rieur \u00e0 4,782\u202fkWh\/kg<\/td><\/tr><tr><td><strong>Taux d\u2019humidit\u00e9<\/strong><\/td><td>Inf\u00e9rieur \u00e0 10\u202f%<\/td><\/tr><tr><td><strong>Taux de cendres<\/strong><\/td><td>Inf\u00e9rieur \u00e0 0,6\u202f%<\/td><\/tr><tr><td><strong>Taux de poussi\u00e8re<\/strong><\/td><td>Inf\u00e9rieur \u00e0 0,5\u202f%<\/td><\/tr><tr><td><strong>Diam\u00e8tre<\/strong><\/td><td>6\u202fmm<\/td><\/tr><tr><td><strong>Conditionnement<\/strong><\/td><td>Palette<\/td><\/tr><tr><td><strong>Origine<\/strong><\/td><td>France<\/td><\/tr><\/tbody><\/table><\/figure>\n","protected":false},"excerpt":{"rendered":"<p>Nos pellets WOODAY, 100% r\u00e9sineux et certifi\u00e9s\u00a0<strong>DIN Plus<\/strong>, gage de qualit\u00e9 sup\u00e9rieure et de performance. Fabriqu\u00e9s en France, ces pellets offrent un pouvoir calorifique \u00e9lev\u00e9 pour un chauffage optimal et \u00e9conomique.<\/p>\n<ul>\n<li><strong>Qualit\u00e9 Premium<\/strong>\u00a0: Faible taux de cendres et de poussi\u00e8res pour une combustion propre et efficace.<\/li>\n<li><strong>\u00c9cologique<\/strong>\u00a0: En choisissant un pellet localement produit, vous r\u00e9duisez l\u2019empreinte carbone de votre syst\u00e8me de chauffage.<\/li>\n<li><strong>Pr\u00eat \u00e0 l\u2019emploi<\/strong>\u00a0: Une palette compl\u00e8te de 65 sacs de 15 kg, id\u00e9ale pour simplifier votre stockage et garantir une autonomie prolong\u00e9e.<\/li>\n<\/ul>\n","protected":false},"featured_media":7217,"comment_status":"open","ping_status":"closed","template":"","meta":[],"product_brand":[],"product_cat":[57],"product_tag":[],"class_list":{"0":"post-7188","1":"product","2":"type-product","3":"status-publish","4":"has-post-thumbnail","6":"product_cat-granules-de-bois-pellets","8":"first","9":"instock","10":"shipping-taxable","11":"purchasable","12":"product-type-simple"},"_links":{"self":[{"href":"https:\/\/fred-bois.com\/index.php?rest_route=\/wp\/v2\/product\/7188","targetHints":{"allow":["GET"]}}],"collection":[{"href":"https:\/\/fred-bois.com\/index.php?rest_route=\/wp\/v2\/product"}],"about":[{"href":"https:\/\/fred-bois.com\/index.php?rest_route=\/wp\/v2\/types\/product"}],"replies":[{"embeddable":true,"href":"https:\/\/fred-bois.com\/index.php?rest_route=%2Fwp%2Fv2%2Fcomments&post=7188"}],"wp:featuredmedia":[{"embeddable":true,"href":"https:\/\/fred-bois.com\/index.php?rest_route=\/wp\/v2\/media\/7217"}],"wp:attachment":[{"href":"https:\/\/fred-bois.com\/index.php?rest_route=%2Fwp%2Fv2%2Fmedia&parent=7188"}],"wp:term":[{"taxonomy":"product_brand","embeddable":true,"href":"https:\/\/fred-bois.com\/index.php?rest_route=%2Fwp%2Fv2%2Fproduct_brand&post=7188"},{"taxonomy":"product_cat","embeddable":true,"href":"https:\/\/fred-bois.com\/index.php?rest_route=%2Fwp%2Fv2%2Fproduct_cat&post=7188"},{"taxonomy":"product_tag","embeddable":true,"href":"https:\/\/fred-bois.com\/index.php?rest_route=%2Fwp%2Fv2%2Fproduct_tag&post=7188"}],"curies":[{"name":"wp","href":"https:\/\/api.w.org\/{rel}","templated":true}]}}